{"id":1347,"date":"2023-03-08T09:32:11","date_gmt":"2023-03-08T09:32:11","guid":{"rendered":"https:\/\/omniflora.figarobrands.com\/?page_id=1347"},"modified":"2023-03-11T10:38:58","modified_gmt":"2023-03-11T10:38:58","slug":"sustainability","status":"publish","type":"page","link":"https:\/\/www.omniflora.de\/de\/sustainability\/","title":{"rendered":"Nachhaltigkeit"},"content":{"rendered":"<h2 class=\"og-lt-green\">Nachhaltigkeit<\/h2>\n<div class=\"translation-block\">\n<p>Omniflora hat sich vollkommen dem Handel mit ethisch einwandfreien Produkten aus sozial und \u00f6kologisch verantwortungsvollen Produktionen verpflichtet. Bereits seit vielen Jahren haben wir als Pionier in unserer Branche unsere ganze Aufmerksamkeit auf mehrere Schl\u00fcsselbereiche der Nachhaltigkeit gelegt., Unsere proaktive Unterst\u00fctzung f\u00fcr Fairtrade und die Entwicklung und Etablierung von stabilen, erfolgreichen Vertriebssystemen f\u00fcr Fairtrade-Blumen wurde mehrfach mit Nachhaltigkeitspreisen ausgezeichnet; so auch mit dem \u201eFairtrade Award 2010\u201c und dem Deutschen Nachhaltigkeitspreis 2015.<\/p>\n<p>Der Begriff &#8220;Nachhaltige Entwicklung&#8221; umfasst in unserem Verst\u00e4ndnis den gesamten Bereich der \u00f6kologischen, sozialen und wirtschaftlichen Herausforderungen, die sicherstellen, dass unser aktuelles Handeln die F\u00e4higkeit k\u00fcnftiger Generationen, ihre Bed\u00fcrfnisse zu befriedigen nicht gef\u00e4hrdet.<\/p>\n<p>In den letzten Jahren r\u00fcckte die Bedeutung dieser Fragen zu Recht st\u00e4rker in den Fokus der \u00f6ffentlichen Wahrnehmung. Die Vielfalt und Komplexit\u00e4t der Herausforderungen auf unserem Planeten wurden besonders durch die Erkenntnisse \u00fcber den Klimawandel, das Bev\u00f6lkerungswachstum unddie Wasserknappheit deutlich. Wir sehen uns verpflichtet, tragf\u00e4hige Antwort in unserem T\u00e4tigkeitsfeld zu geben.<\/p>\n<p>In der Praxis bedeutet dies:<\/p>\n<ul>\n<li>Wir stellen uns immer wieder der Herausforderung, wie wir mit der Umwelt, unseren Mitarbeitern und den Regionen in denen wir arbeitenbestm\u00f6glich kooperieren. Die st\u00e4ndige Kontrolle aller t\u00e4glichen Gesch\u00e4ftsentscheidungen im Hinblick auf ihre Wirkungen ist essentiell, um sicherzustellen, dass wir langfristige tragf\u00e4hig und nicht nur kurzfristig profitabel handeln.<\/li>\n<li>Wir haben sichergestellt, dass wir und unser Partner allen Branchen- und internationalen Standards entsprechend handeln.<\/li>\n<\/ul>\n<p>Wir wissen, dass was wir noch Vieles verbessern k\u00f6nnen und dass wir, wie alle Unternehmen, einige schwierige und komplexe Problemebew\u00e4ltigen m\u00fcssen. Dabei haben wir einige essentielle Prinzipien:<\/p>\n<ul>\n<li>Transparenz und Rechenschaftspflicht. Heute sind wir bereits durch zahlreiche anerkannte Zertifizierungssysteme gepr\u00fcft und viele unserer Produkte sind Fairtrade zertifiziert.<\/li>\n<li>Quantifizierung und Verantwortung f\u00fcr die alle sozialen und \u00f6kologischen Kosten unserer T\u00e4tigkeit. Wir haben ein detailliertes Programm erarbeitet, mit dem in unserer Unternehmensgruppe die CO2 Bilanzen aller Gesch\u00e4ftsaktivit\u00e4ten erfasste werden. Unserer ehrgeizigen Ziele sind im Nachhaltigkeitsbericht der Flamingo Gruppe dokumentiert.<\/li>\n<li>Die Gleichrangigkeit der Umweltinteressen, sozialen Erfordernisse mit unserer eigene wirtschaftlichen Entwicklung ist das Fundament in unsere strategische Planung.<\/li>\n<li>Wir sind st\u00e4ndig innovativ in unserem Bem\u00fchen, unseren Ressourcenverbrauch pro Einheit unserer Produktion zu reduzieren.<\/li>\n<li>In unseren Kompetenzfeldern, setzen wir neue Standards in der F\u00f6rderung der guten landwirtschaftlichen Praxis in unserer gesamten Lieferkette<\/li>\n<\/ul>\n<\/div>","protected":false},"excerpt":{"rendered":"<p>Sustainability Omniflora is committed to supplying ethical products from socially and environmentally responsible growers. Over several years we have focused our attention on several key areas including our proactive support for Fairtrade. The traditional interpretation of CSR has now broadened and is better defined today by the term \u201cSustainable Development.\u201d This covers the range of [&hellip;]<\/p>","protected":false},"author":1,"featured_media":1425,"parent":0,"menu_order":12,"comment_status":"closed","ping_status":"closed","template":"","meta":{"inline_featured_image":false},"_links":{"self":[{"href":"https:\/\/www.omniflora.de\/de\/wp-json\/wp\/v2\/pages\/1347"}],"collection":[{"href":"https:\/\/www.omniflora.de\/de\/wp-json\/wp\/v2\/pages"}],"about":[{"href":"https:\/\/www.omniflora.de\/de\/wp-json\/wp\/v2\/types\/page"}],"author":[{"embeddable":true,"href":"https:\/\/www.omniflora.de\/de\/wp-json\/wp\/v2\/users\/1"}],"replies":[{"embeddable":true,"href":"https:\/\/www.omniflora.de\/de\/wp-json\/wp\/v2\/comments?post=1347"}],"version-history":[{"count":3,"href":"https:\/\/www.omniflora.de\/de\/wp-json\/wp\/v2\/pages\/1347\/revisions"}],"predecessor-version":[{"id":1470,"href":"https:\/\/www.omniflora.de\/de\/wp-json\/wp\/v2\/pages\/1347\/revisions\/1470"}],"wp:featuredmedia":[{"embeddable":true,"href":"https:\/\/www.omniflora.de\/de\/wp-json\/wp\/v2\/media\/1425"}],"wp:attachment":[{"href":"https:\/\/www.omniflora.de\/de\/wp-json\/wp\/v2\/media?parent=1347"}],"curies":[{"name":"wp","href":"https:\/\/api.w.org\/{rel}","templated":true}]}}