{"id":1353,"date":"2023-03-08T13:31:00","date_gmt":"2023-03-08T13:31:00","guid":{"rendered":"https:\/\/omniflora.figarobrands.com\/?page_id=1353"},"modified":"2023-03-11T10:37:17","modified_gmt":"2023-03-11T10:37:17","slug":"wholesale","status":"publish","type":"page","link":"https:\/\/www.omniflora.de\/de\/cut-flowers\/wholesale\/","title":{"rendered":"Fachhandel"},"content":{"rendered":"<h2 class=\"og-lt-pink\">Fachhandel<\/h2>\n<div class=\"translation-block\">\n<p>Wir bieten unseren Fachhandelskunden ein umfassendes Produktangebot.<\/p>\n<p>Im Oktober 2011 haben wir begonnen hochwertige Fairtrade Rosen von unserer Hochlandfarm Siraji, am Mount Kenya, durch ein neues Verkaufssystem genannt FTF auf den Markt zu bringen. Dadurch boten wir als erster Anbieter den deutschen Floristen die M\u00f6glichkeit,Fairtrade-Rosen und einige andere Produktlinien \u00fcber unseren Web-basierten Shop kaufen zu k\u00f6nnen. Vertriebs-Partnerschaften mit der Fleurop AG und ausgew\u00e4hlte Gro\u00dfh\u00e4ndlern erg\u00e4nzten sp\u00e4ter dieses System entscheidend. Die Initiative wurde sehr gut aufgenommen und wir beliefern jetzt Floristen und Gro\u00dfhandelskunden in ganz Deutschland durch diesen neuen Kanal.<\/p>\n<p>Verbraucher und \u00d6ffentlichkeit bewerten dieses neue Fairtrade-Angebot des Fachhandels au\u00dferordentlich positiv.<\/p>\n<\/div>","protected":false},"excerpt":{"rendered":"<p>Wholesale We provide our wholesale customers with a comprehensive product offering including a full range of sweetheart roses and tea hybrids. Hundreds of different roses in every length can be delivered as single varieties or in mixed units. In addition to our daily, fresh standard range, we also cater for special orders to meet most [&hellip;]<\/p>","protected":false},"author":1,"featured_media":1405,"parent":763,"menu_order":4,"comment_status":"closed","ping_status":"closed","template":"","meta":{"inline_featured_image":false},"_links":{"self":[{"href":"https:\/\/www.omniflora.de\/de\/wp-json\/wp\/v2\/pages\/1353"}],"collection":[{"href":"https:\/\/www.omniflora.de\/de\/wp-json\/wp\/v2\/pages"}],"about":[{"href":"https:\/\/www.omniflora.de\/de\/wp-json\/wp\/v2\/types\/page"}],"author":[{"embeddable":true,"href":"https:\/\/www.omniflora.de\/de\/wp-json\/wp\/v2\/users\/1"}],"replies":[{"embeddable":true,"href":"https:\/\/www.omniflora.de\/de\/wp-json\/wp\/v2\/comments?post=1353"}],"version-history":[{"count":3,"href":"https:\/\/www.omniflora.de\/de\/wp-json\/wp\/v2\/pages\/1353\/revisions"}],"predecessor-version":[{"id":1465,"href":"https:\/\/www.omniflora.de\/de\/wp-json\/wp\/v2\/pages\/1353\/revisions\/1465"}],"up":[{"embeddable":true,"href":"https:\/\/www.omniflora.de\/de\/wp-json\/wp\/v2\/pages\/763"}],"wp:featuredmedia":[{"embeddable":true,"href":"https:\/\/www.omniflora.de\/de\/wp-json\/wp\/v2\/media\/1405"}],"wp:attachment":[{"href":"https:\/\/www.omniflora.de\/de\/wp-json\/wp\/v2\/media?parent=1353"}],"curies":[{"name":"wp","href":"https:\/\/api.w.org\/{rel}","templated":true}]}}