{"id":1356,"date":"2023-03-08T13:33:42","date_gmt":"2023-03-08T13:33:42","guid":{"rendered":"https:\/\/omniflora.figarobrands.com\/?page_id=1356"},"modified":"2023-03-11T10:37:00","modified_gmt":"2023-03-11T10:37:00","slug":"supermarkets","status":"publish","type":"page","link":"https:\/\/www.omniflora.de\/de\/cut-flowers\/supermarkets\/","title":{"rendered":"Superm\u00e4rkte"},"content":{"rendered":"<h2 class=\"og-lt-pink\">Superm\u00e4rkte<\/h2>\n<div class=\"translation-block\">\n<p>Sonderauftr\u00e4ge f\u00fcr Superm\u00e4rkte und Marktketten werden in einer separaten Anlage gefertigt. Verkaufsfertige Einheiten werden auf f\u00fcnf elektronisch gesteuerten B\u00fcndelstra\u00dfen durch unser erfahrenes Personal gefertigt, das ge\u00fcbt ist, alle notwendigen Qualit\u00e4ts-, Sortierungs- und Mischungskriterien zu erf\u00fcllen.<\/p>\n<p>Speziell gefertigte Hochgeschwindigkeitsdrucker k\u00f6nnen jeden Bund w\u00e4hrend der Produktion mit einem kundenspezifischen Etikett versehen, einschlie\u00dflich Text, Verkaufspreis oder Barcode.<\/p>\n<p>Alle Verkaufseinheiten werden exakt nach Kundenvorgaben gefertigt.Vasentests werden routinem\u00e4\u00dfig in einem separaten Aufbl\u00fchraum durchgef\u00fchrt, in dem Wohnzimmerkonditionen simuliert werden. Die visuelle Qualit\u00e4tskontrolle wird durch regelm\u00e4\u00dfige Laborr\u00fcckstandsanalysen erg\u00e4nzt.<\/p>\n<\/div>","protected":false},"excerpt":{"rendered":"<p>Supermarkets Special orders for supermarkets are produced in separate facilities. The cut flowers ready for sale are produced on electronically controlled bundling machines by our professional staff, trained to meet the most exacting quality, grading and mixing criteria expected by our customers. Custom-built high speed printers label every bunch during production with customer-specific labels, including [&hellip;]<\/p>","protected":false},"author":1,"featured_media":1401,"parent":763,"menu_order":3,"comment_status":"closed","ping_status":"closed","template":"","meta":{"inline_featured_image":false},"_links":{"self":[{"href":"https:\/\/www.omniflora.de\/de\/wp-json\/wp\/v2\/pages\/1356"}],"collection":[{"href":"https:\/\/www.omniflora.de\/de\/wp-json\/wp\/v2\/pages"}],"about":[{"href":"https:\/\/www.omniflora.de\/de\/wp-json\/wp\/v2\/types\/page"}],"author":[{"embeddable":true,"href":"https:\/\/www.omniflora.de\/de\/wp-json\/wp\/v2\/users\/1"}],"replies":[{"embeddable":true,"href":"https:\/\/www.omniflora.de\/de\/wp-json\/wp\/v2\/comments?post=1356"}],"version-history":[{"count":5,"href":"https:\/\/www.omniflora.de\/de\/wp-json\/wp\/v2\/pages\/1356\/revisions"}],"predecessor-version":[{"id":1464,"href":"https:\/\/www.omniflora.de\/de\/wp-json\/wp\/v2\/pages\/1356\/revisions\/1464"}],"up":[{"embeddable":true,"href":"https:\/\/www.omniflora.de\/de\/wp-json\/wp\/v2\/pages\/763"}],"wp:featuredmedia":[{"embeddable":true,"href":"https:\/\/www.omniflora.de\/de\/wp-json\/wp\/v2\/media\/1401"}],"wp:attachment":[{"href":"https:\/\/www.omniflora.de\/de\/wp-json\/wp\/v2\/media?parent=1356"}],"curies":[{"name":"wp","href":"https:\/\/api.w.org\/{rel}","templated":true}]}}