{"id":1371,"date":"2023-03-08T19:11:34","date_gmt":"2023-03-08T19:11:34","guid":{"rendered":"https:\/\/omniflora.figarobrands.com\/?page_id=1371"},"modified":"2025-03-04T16:11:58","modified_gmt":"2025-03-04T16:11:58","slug":"legal","status":"publish","type":"page","link":"https:\/\/www.omniflora.de\/de\/legal\/","title":{"rendered":"Impressum"},"content":{"rendered":"<h2 class=\"og-lt-green\">Impressum<\/h2>\n<div class=\"translation-block\">\n<p>Angaben gem\u00e4ss Teledienste-Gesetz (TDG) und Mediendienste-Staatsvertrag (MDStV):<\/p>\n<p><span class=\"main_title_green green_dk_subtitle\">Anbieter:<\/span><br \/>\nOmniflora Blumen Center GmbH<br \/>\nOdenwaldstrasse 7-9<br \/>\n63263 Neu-Isenburg<br \/>\nDeutschland<\/p>\n<p>Tel: 06102-7115-0<br \/>\nMail: <a class=\"green_dk\" href=\"mailto:info@omniflora.com\">info@omniflora.com<\/a><\/p>\n<p>Amtsgericht Offenbach, HRB 9150<\/p>\n<p>Umsatzsteuer-ID-Nummer: DE 811634449<br \/>\nPflanzenschutz-Reg.-Nummer: D-HE 18-001 002<\/p>\n<p><span class=\"main_title_green green_dk_subtitle\">Pers\u00f6nlich haftend:<\/span><br \/>\nOmniflora Blumen Center GmbH<\/p>\n<p><span class=\"main_title_green green_dk_subtitle\">Vertreten durch:<\/span><br \/>\nThomas Rohe (Gesch\u00e4ftsf\u00fchrer)<\/p>\n<p><span class=\"main_title_green green_dk_subtitle\">Verantwortlich f\u00fcr den Inhalt im Sinne des Medienrechts:<\/span><br \/>\nThomas Rohe<br \/>\nOdenwaldstrasse 7-9<br \/>\n63263 Neu-Isenburg<br \/>\nMail: <a class=\"green_dk\" href=\"mailto:trohe@omniflora.com\">trohe@omniflora.com<\/a><\/p>\n<p><span class=\"main_title_green green_dk_subtitle\">Haftungsausschluss:<\/span><br \/>\nAlle Inhalte dieser Website wurden von Omniflora Blumen Center GmbH basierend auf den neuesten verf\u00fcgbaren Informationen vorbereitet. Nach bestem Wissen werden alle Informationen f\u00fcr zutreffend gehalten, jedoch wird keine Garantie hierf\u00fcr \u00fcbernommen.<\/p>\n<p>Omniflora Blumen Center Gmbh und die Firmen und Personen die in dieser Website repr\u00e4sentiert werden, sind nicht f\u00fcr Fehler oder Auslassungen in dieser Website verantwortlich. F\u00fcr Sch\u00e4den jedweder Art, die im Zusammenhang mit dieser Website und ihrem Inhalt eventuell auftreten, wird keine Haftung \u00fcbernommen.<\/p>\n<p><span class=\"main_title_green green_dk_subtitle\">Nutzung:<\/span><br \/>\nJede Art der Verteilung, \u00c4nderung, \u00dcbermittlung oder Benutzung von Inhalten dieser Website zu \u00f6ffentlichen oder kommerziellen Zwecken ist ohne schriftliche Genehmigung durch Omniflora Blumen Center GmbH untersagt. Ohne schriftliche Genehmigung durch Omniflora Blumen Center GmbH kann aus der Nutzung dieser Website unter keinen Umst\u00e4nden eine Lizenz\u00fcberlassung oder ein Nutzungsrecht f\u00fcr irgendwelchen intellektuellen Eigentumsrechte, die in dieser Website dargestellt werden, abgeleitet werden.<\/p>\n<p><span class=\"main_title_green green_dk_subtitle\">Inhaltskontrolle:<\/span><br \/>\nDer Inhalt dieser Website ist f\u00fcr Besucher aller Altersgruppen geeignet. Sie enth\u00e4lt keinerlei Inhalt \u201cnur f\u00fcr Erwachsene\u201d, noch erm\u00f6glicht sie es Minderj\u00e4hrigen auf solche Inhalte zuzugreifen oder mit anderen Personen in Kontakt zu treten.<\/p>\n<p><span class=\"main_title_green green_dk_subtitle\">Externe Links:<\/span><br \/>\nSofern auf unserer Seite Links zu externen Anbietern zur Verf\u00fcgung gestellt werden, pr\u00fcfen wir den verlinkten Inhalt zum Zeitpunkt der Aufnahme des Links auf unserer Webseite.<br \/>\nDa es sich bei verlinkten Inhalten um dynamische (lebende) Informationen handelt, kann es vorkommen, dass ein verlinkter Inhalt sich so ver\u00e4ndert, dass hierdurch eine zivil- oder strafrechtliche Verantwortlichkeit ausgel\u00f6st wird.<br \/>\nSollte dies eintreten, werden wir den Verweis auf das betroffene Angebot nach Bekanntwerden dieser Ver\u00e4nderung entfernen.<\/p>\n<\/div>","protected":false},"excerpt":{"rendered":"<p>Legal Details in accordance with the German Teleservices Law (TDG) and Media Services Treaty (MDStV): Contents owned and offered by: Omniflora Blumen Center GmbH Odenwaldstrasse 7-9 63263 Neu-Isenburg Germany Tel: +49-6102-7115-0 Fax: +49-6102-7115-55 Mail:\u00a0info@omniflora.com Registered at District Court Offenbach, HRB 9150 VAT-ID-Number: DE 811634449 Plantinsp.-Reg.-Number: D-HE 18-001 002 Represented by: Thomas Rohe (Managing Director) Responsible [&hellip;]<\/p>","protected":false},"author":1,"featured_media":1397,"parent":0,"menu_order":0,"comment_status":"closed","ping_status":"closed","template":"","meta":{"inline_featured_image":false},"_links":{"self":[{"href":"https:\/\/www.omniflora.de\/de\/wp-json\/wp\/v2\/pages\/1371"}],"collection":[{"href":"https:\/\/www.omniflora.de\/de\/wp-json\/wp\/v2\/pages"}],"about":[{"href":"https:\/\/www.omniflora.de\/de\/wp-json\/wp\/v2\/types\/page"}],"author":[{"embeddable":true,"href":"https:\/\/www.omniflora.de\/de\/wp-json\/wp\/v2\/users\/1"}],"replies":[{"embeddable":true,"href":"https:\/\/www.omniflora.de\/de\/wp-json\/wp\/v2\/comments?post=1371"}],"version-history":[{"count":8,"href":"https:\/\/www.omniflora.de\/de\/wp-json\/wp\/v2\/pages\/1371\/revisions"}],"predecessor-version":[{"id":1492,"href":"https:\/\/www.omniflora.de\/de\/wp-json\/wp\/v2\/pages\/1371\/revisions\/1492"}],"wp:featuredmedia":[{"embeddable":true,"href":"https:\/\/www.omniflora.de\/de\/wp-json\/wp\/v2\/media\/1397"}],"wp:attachment":[{"href":"https:\/\/www.omniflora.de\/de\/wp-json\/wp\/v2\/media?parent=1371"}],"curies":[{"name":"wp","href":"https:\/\/api.w.org\/{rel}","templated":true}]}}