{"id":1377,"date":"2023-03-09T15:50:16","date_gmt":"2023-03-09T15:50:16","guid":{"rendered":"https:\/\/omniflora.figarobrands.com\/?page_id=1377"},"modified":"2023-03-11T10:32:35","modified_gmt":"2023-03-11T10:32:35","slug":"products","status":"publish","type":"page","link":"https:\/\/www.omniflora.de\/de\/about-omniflora\/products\/","title":{"rendered":"Produkte"},"content":{"rendered":"<h2 class=\"og-lt-green\">Produkte<\/h2>\n<div class=\"translation-block\">\n<p><span class=\"green_li_subtitle\">Blumen<\/span><br \/> Gro\u00dfbl\u00fctige intermediate Rosen bleiben unser Kerngesch\u00e4ft. Wir arbeiten eng mit Z\u00fcchter zusammen und suchen entwickelt st\u00e4ndig neue Sorten, die den steigenden Anforderungen des Marktes erf\u00fcllen. Denn die Atraktivit\u00e4t der Blumen und Ihre herausragenden Qualit\u00e4t und Haltbarkeit sind die eigentliche Basis f\u00fcr unseren Erfolg. Unser Sortiment wird stetig erweitert: Levkojen, Calla, Alstroemerien, Lilien etc. sind aus unserem Angebot nicht mehr wegzudenken.<\/p>\n<p class=\"no_bot_margin\"><span class=\"green_li_subtitle\">Gem\u00fcse<\/span><br \/> <span class=\"green_dk_subtitle\">Premium-Gem\u00fcse<\/span><\/p>\n<ul>\n<li>Stangenbohnen<\/li>\n<li>Feine Bohnen<\/li>\n<li>Fairtrade feine Bohnen<\/li>\n<li>Zucker Erbsen<\/li>\n<li>Mange Tout<\/li>\n<li>BIMI (Tender Stem Brokkoli)<\/li>\n<li>Baby-Mais<\/li>\n<li>Chilischoten<\/li>\n<li>Lauchzwiebeln<\/li>\n<li>Wok-Gem\u00fcse und andere Mischgem\u00fcse nach Kundenwunsch<\/li>\n<\/ul>\n<p class=\"no_bot_margin\"><span class=\"green_li_subtitle\">Kr\u00e4uter<\/span><\/p>\n<ul>\n<li>Koriander<\/li>\n<li>Glatte Schnittpetersilie<\/li>\n<li>Dill<\/li>\n<li>Kerbel<\/li>\n<li>Oregano<\/li>\n<li>Estragon<\/li>\n<li>Thymian<\/li>\n<li>Rosmarin<\/li>\n<li>Minze<\/li>\n<li>Schnittlauch<\/li>\n<li>Salbei<\/li>\n<li>Basilikum<\/li>\n<li>Knoblauch-Schnittlauch<\/li>\n<li>Zitronenthymian<\/li>\n<\/ul>\n<\/div>","protected":false},"excerpt":{"rendered":"<p>Products Flowers Roses larger headed intermediate roses remain our core business. We work closely with rose breeders constantly developing new varieties that meet and hopefully exceed our customers\u2019 expectations for long lasting beautiful flowers.We currently grow and source close to 700 different varieties of roses in the following colours: Apricot, Cerise, Cream, Lilac, Orange, Pink, [&hellip;]<\/p>","protected":false},"author":1,"featured_media":1423,"parent":769,"menu_order":11,"comment_status":"closed","ping_status":"closed","template":"","meta":{"inline_featured_image":false},"_links":{"self":[{"href":"https:\/\/www.omniflora.de\/de\/wp-json\/wp\/v2\/pages\/1377"}],"collection":[{"href":"https:\/\/www.omniflora.de\/de\/wp-json\/wp\/v2\/pages"}],"about":[{"href":"https:\/\/www.omniflora.de\/de\/wp-json\/wp\/v2\/types\/page"}],"author":[{"embeddable":true,"href":"https:\/\/www.omniflora.de\/de\/wp-json\/wp\/v2\/users\/1"}],"replies":[{"embeddable":true,"href":"https:\/\/www.omniflora.de\/de\/wp-json\/wp\/v2\/comments?post=1377"}],"version-history":[{"count":3,"href":"https:\/\/www.omniflora.de\/de\/wp-json\/wp\/v2\/pages\/1377\/revisions"}],"predecessor-version":[{"id":1463,"href":"https:\/\/www.omniflora.de\/de\/wp-json\/wp\/v2\/pages\/1377\/revisions\/1463"}],"up":[{"embeddable":true,"href":"https:\/\/www.omniflora.de\/de\/wp-json\/wp\/v2\/pages\/769"}],"wp:featuredmedia":[{"embeddable":true,"href":"https:\/\/www.omniflora.de\/de\/wp-json\/wp\/v2\/media\/1423"}],"wp:attachment":[{"href":"https:\/\/www.omniflora.de\/de\/wp-json\/wp\/v2\/media?parent=1377"}],"curies":[{"name":"wp","href":"https:\/\/api.w.org\/{rel}","templated":true}]}}