{"id":1379,"date":"2023-03-09T15:51:19","date_gmt":"2023-03-09T15:51:19","guid":{"rendered":"https:\/\/omniflora.figarobrands.com\/?page_id=1379"},"modified":"2023-03-11T10:39:20","modified_gmt":"2023-03-11T10:39:20","slug":"priorities","status":"publish","type":"page","link":"https:\/\/www.omniflora.de\/de\/sustainability\/priorities\/","title":{"rendered":"Priorit\u00e4ten"},"content":{"rendered":"<h2 class=\"og-lt-green\">Priorit\u00e4ten<\/h2>\n<div class=\"translation-block\">\n<p class=\"green_li_subtitle\">Unser Engagement f\u00fcr eine nachhaltige Entwicklung<\/p>\n<p class=\"no_bot_margin\"><span class=\"green_dk_subtitle\">Flamingo engagiert sich f\u00fcr eine nachhaltige Zukunft \u2013 denn es gibt keine andere Zukunft!<\/span><\/p>\n<ul>\n<li>Wir versuchen, soziale, politische und \u00f6kologische Probleme in Einklang zu bringen mit wirtschaftlichen Notwendigkeit. Wir sind aufgrund unserer Erfahrung sicher, dass es finanziell lohnend ist, nachhaltig zu wirtschaften.<\/li>\n<li>Unser Ziel ist es, einen &#8216;Null Nettoeffekt&#8217; als \u00f6kologischen Mindeststandard zu haben; insgesamt verpflichten wir uns, einen positiven Beitrag zur\u00d6kobilanz zu leisten [1]<\/li>\n<li>Wir bem\u00fchen uns, um zu Flamingo ein Ort zu machen, an dem angenehm und lohnend gearbeitet werden kann, Wir leisten positive Beitr\u00e4ge zum Wohle des Einzelnen, der Gesellschaft und der Gemeinschaft insgesamt.<\/li>\n<li>Wir \u00fcbernehmen eine aktive F\u00fchrungsrolle im Umgang mit Fragen der Nachhaltigkeit und teilen unser Wissen zum Wohle unserer Lieferanten, der Gemeinschaften und der Gesellschaft im Allgemeinen.<\/li>\n<li>Wir entwickeln und bieten nachhaltige Produkte und Dienstleistungen, die positiv zur Gesundheit und dem Wohlergehen der Gesellschaft beitragen.<\/li>\n<\/ul>\n<p class=\"no_bot_margin\"><span class=\"green_dk_subtitle\">Flamingo l\u00f6st soziale, politische und \u00f6kologische Probleme dauerhaft auch durch den Nachweis, dass es finanziell lohnend ist, nachhaltig zu sein.<\/span><\/p>\n<ul>\n<li>Wir stellen sicher, dass die tats\u00e4chlichen Kosten der Produktion (wirtschaftlich, \u00f6kologisch und sozial) im Preis unserer Produktes reflektiert wird.<\/li>\n<li>Wir kommunizieren offen mit unserer Beschaffungskette, den lokalen Gemeinschaften, Interessengruppen und der breiten \u00d6ffentlichkeit \u00fcber alle Fragen einer nachhaltige Entwicklung.<\/li>\n<li>Wir handeln unter den Ma\u00dfgaben der Ehrlichkeit und Integrit\u00e4t.<\/li>\n<\/ul>\n<p class=\"no_bot_margin\"><span class=\"green_dk_subtitle\">Flamingo zielt kurzfristig darauf ab, als \u00f6kologischen Mindeststandard einen &#8220;Null Nettoeffekt&#8221; zu erreichen; insgesamt verpflichten wir uns aber, einen positiven Beitrag zur \u00d6kobilanz zu leisten.<\/span><\/p>\n<ul>\n<li>Wir verstehen die voraussichtlichen Auswirkungen des Klimawandels und entwickeln entsprechende Anpassungsma\u00dfnahmen f\u00fcr unsere Betriebeund die Gemeinschaften, in denen wir t\u00e4tig sind.<\/li>\n<li>Wir sind er Minimierung aller Treibhausgase verpflichtet.<\/li>\n<li>Wir verbessern kontinuierlich unser Ressourcen-Management und reduzieren unser Abfallaufkommen entscheidend.<\/li>\n<li>Wir bauen unser Vorreiter- und Vorbildrolle im Bereich Wasser-Management aus.<\/li>\n<li>Wir reduzieren und stoppen die Verwendung und Freisetzung von Schadstoffen, wo immer m\u00f6glich [2].<\/li>\n<li>Wir verpflichten uns dem Schutz und Verbesserung der Biodiversit\u00e4t in den L\u00e4ndern, in denen wir t\u00e4tig sind.<\/li>\n<li>Wir f\u00f6rdern die nachhaltige Sch\u00e4dlingsbek\u00e4mpfung durch unser eigene Nutzinsektenproduktion und die Gesamtpalette des biologischen Pflanzenschutzes.<\/li>\n<\/ul>\n<p class=\"no_bot_margin\"><span class=\"green_dk_subtitle\">Die Erhaltung der Boden Gesundheit durch nachhaltige landwirtschaftliche Praktiken und die Stabilisierung der Bodenqualit\u00e4t durch Ma\u00dfnahmen zur Verhinderung von Verschmutzung und Erosion sind f\u00fcr uns ma\u00dfgeblich.<\/span><\/p>\n<ul>\n<li>Wir bem\u00fchen uns, um zu Flamingo zu einem Ort zu machen an dem man angenehm und lohnend arbeiten kann.<\/li>\n<li>Wir besch\u00e4ftigen unsere Belegschaften nach internationalen universalen Standards.<\/li>\n<li>Wir sind dem Schutz der Gesundheit unserer Mitarbeiter und der F\u00f6rderung eines ges\u00fcnderen Lebensstils verpflichtet.<\/li>\n<li>Wir behandeln unsere Mitarbeiter fair, mit W\u00fcrde und Respekt.<\/li>\n<li>Unsere Mitarbeiter erhalten Unterst\u00fctzung, ihre Talente und ihr K\u00f6nnen weiter zu entwickeln.<\/li>\n<li>Unsere Mitarbeiter werden in ihren Arbeitnehmerrechten best\u00e4rkt.<\/li>\n<li>Wir wollen f\u00fchrend sein in Fragen der Chancengleichheit als ethnisch und kulturell vielf\u00e4ltiges Unternehmen.<\/li>\n<li>Wir f\u00f6rdern die Chancengleichheit f\u00fcr Frauen in ihren Beitrag f\u00fcr das Unternehmen.<\/li>\n<li>Wir Informieren unsere Mitarbeiter \u00fcber die Werte und Prinzipien der nachhaltigen Entwicklung.<\/li>\n<li>Wir stellen sicher, dass alle Mitarbeiter an ihrem Wohnsitz Zugang zu Nahrung, Obdach, Hygiene, sauberes Wasser und medizinische Grundversorgung.<\/li>\n<\/ul>\n<p class=\"no_bot_margin\"><span class=\"green_dk_subtitle\">Flamingo \u00fcbernimmt eine aktive F\u00fchrungsrolle in Fragen der Nachhaltigkeit und teilt sein wissen zum Nutzen seiner Lieferanten, der regionalen Gemeinschaften und der Gesellschaft im Ganzen.<\/span><\/p>\n<ul>\n<li>Wir verfolgen einen kooperativen Ansatz zur Bew\u00e4ltigung der Herausforderungen der Nachhaltigkeit in der Politik, in der Zusammenarbeit mit Landwirten, Zulieferern, Kunden, Regierungen, NGOs, Gremien, den Gewerkschaften und der Industrie.<\/li>\n<li>Wir \u00fcbernehmen eine f\u00fchrende Rolle in der Zusammenarbeit mit Lieferanten und Kleinbauern.<\/li>\n<li>Wir zeigen und bieten bew\u00e4hrte Methoden f\u00fcr unsere Zulieferer bez\u00fcglich der Produktauswahl, nachhaltiger Landwirtschaftstechniken und Produktionstechniken und dem Umweltmanagement auf.<\/li>\n<li>Wir f\u00f6rdern den Wissensaustausch mit unseren Lieferanten und die Sicherung ihrer angemessenen Eink\u00fcnfte.<\/li>\n<li>Wir wollen ein Katalysator f\u00fcr positive Ver\u00e4nderungen in den Gemeinden sein, in denen wir arbeiten.<\/li>\n<li>Wir wollen unser Umfeld im Sinne der Werte und Prinzipien der nachhaltigen Entwicklung beeinflussen.<\/li>\n<\/ul>\n<p class=\"no_bot_margin\"><span class=\"green_dk_subtitle\">Flamingo entwickelt und bietet nachhaltige Produkte und Dienstleistungen an, die positiv zur Gesundheit und das Wohlergehen der Gesellschaftbeitragen.<\/span><\/p>\n<ul>\n<li>Wir reduzieren die Lifecycle-Auswirkungen der jedes unserer Produkte.<\/li>\n<li>Wir stellen sicher, dass Nachhaltigkeit in unserer Produkt-Neuentwicklungen integriert ist.<\/li>\n<li>Wir nutze unsere Forschung und Entwicklungs-F\u00e4higkeit, innovative, nachhaltige Prozesse und Produkte zu entwickeln.<\/li>\n<li>Wir stellen nachhaltige Verarbeitungstechnologien sicher, um die Produkt-Effizienz und Wettbewerbsf\u00e4higkeit rohstoffschonend zu erh\u00f6hen.<\/li>\n<li>Wir transportieren unsere Waren auf die effizienteste und nachhaltigste Art und Weise, die m\u00f6glich ist.<\/li>\n<li>Die proaktive Unterst\u00fctzung eines gerechten und ethisch einwandfreien Handelsumfelds f\u00fcr unsere Produkte ist verpflichtend f\u00fcr uns.<\/li>\n<\/ul>\n<p>&nbsp;<\/p>\n<p><span class=\"green_dk_subtitle\">[1]<\/span> Die T\u00e4tigkeitsgebiete f\u00fchren nicht in Umweltzerst\u00f6rung, Umweltverschmutzung oder jede Ersch\u00f6pfung der Ressourcen.<br \/>\n<span class=\"green_dk_subtitle\">[2]<\/span> alle Materialien, die Lebewesen sch\u00e4digen oder Instabilit\u00e4t oder St\u00f6rung in der Umgebung verursachen. Alle in die Umwelt freigesetzten Stoffesollen nat\u00fcrlich biologisch sein und bei deren Zerfall keine R\u00fcckst\u00e4nde hinterlassen, die einen Schadstoff darstellen w\u00fcrden.<\/p>\n<\/div>","protected":false},"excerpt":{"rendered":"<p>Priorities Our Sustainable Development Commitments Flamingo Horticulture is headquartered in the UK and is a vertically integrated horticultural business that grows, processes, packages, markets, and distributes cut flowers and premium, freshly prepared vegetables. Over 12,000 people owe their livelihoods to Flamingo and it is the largest vertically integrated, value-added producer and exporter of fresh produce [&hellip;]<\/p>","protected":false},"author":1,"featured_media":1427,"parent":1347,"menu_order":13,"comment_status":"closed","ping_status":"closed","template":"","meta":{"inline_featured_image":false},"_links":{"self":[{"href":"https:\/\/www.omniflora.de\/de\/wp-json\/wp\/v2\/pages\/1379"}],"collection":[{"href":"https:\/\/www.omniflora.de\/de\/wp-json\/wp\/v2\/pages"}],"about":[{"href":"https:\/\/www.omniflora.de\/de\/wp-json\/wp\/v2\/types\/page"}],"author":[{"embeddable":true,"href":"https:\/\/www.omniflora.de\/de\/wp-json\/wp\/v2\/users\/1"}],"replies":[{"embeddable":true,"href":"https:\/\/www.omniflora.de\/de\/wp-json\/wp\/v2\/comments?post=1379"}],"version-history":[{"count":3,"href":"https:\/\/www.omniflora.de\/de\/wp-json\/wp\/v2\/pages\/1379\/revisions"}],"predecessor-version":[{"id":1471,"href":"https:\/\/www.omniflora.de\/de\/wp-json\/wp\/v2\/pages\/1379\/revisions\/1471"}],"up":[{"embeddable":true,"href":"https:\/\/www.omniflora.de\/de\/wp-json\/wp\/v2\/pages\/1347"}],"wp:featuredmedia":[{"embeddable":true,"href":"https:\/\/www.omniflora.de\/de\/wp-json\/wp\/v2\/media\/1427"}],"wp:attachment":[{"href":"https:\/\/www.omniflora.de\/de\/wp-json\/wp\/v2\/media?parent=1379"}],"curies":[{"name":"wp","href":"https:\/\/api.w.org\/{rel}","templated":true}]}}