{"id":1381,"date":"2023-03-09T15:51:34","date_gmt":"2023-03-09T15:51:34","guid":{"rendered":"https:\/\/omniflora.figarobrands.com\/?page_id=1381"},"modified":"2023-03-11T10:53:06","modified_gmt":"2023-03-11T10:53:06","slug":"standards","status":"publish","type":"page","link":"https:\/\/www.omniflora.de\/de\/sustainability\/standards\/","title":{"rendered":"Normen"},"content":{"rendered":"<h2 class=\"og-lt-green\">Normen<\/h2>\n<p><span class=\"green_li_subtitle\">Zertifizierungen<\/span><br \/>\nWir streben stetig an, sicherzustellen, dass wir die h\u00f6chste Qualit\u00e4ten und Standards in unseren Betrieben etablieren. Wir haben eine Reihe von ethischen und \u00f6kologischen Zertifizierungsprozessen erfolgreich durchlaufen.<\/p>\n<p>Pr\u00fcfungen wie die Fairtrade Kennzeichnung durch die Fairtrade Labeling Organization (FLO-Cert), Kenya Flower Council (KFC) \u2013 und EurepGap, die Standards f\u00fcr die globale Zertifizierung der guten landwirtschaftlichen Praxis werden immer wieder neu durchgef\u00fchrt<\/p>\n<p>Das Hazard Analysis Critical Control Point (HACCP)-System, um die hohen Standards der Lebensmittelsicherheit zu gew\u00e4hrleisten ist bei uns etabliert.<\/p>\n<p><span class=\"green_li_subtitle\">Projekte<\/span><br \/>\nAuf jeder Fairtrade Farm entscheidet ein \u201cgemeinsames Gremium\u201d, der Joint Body bestehend aus direkt gew\u00e4hlten Mitgliedern der Arbeitnehmer sowie Vertretern von Gewerkschaften und beratenden Vertretern der Betriebsf\u00fchrung \u00fcber die Verwendung ihrer Fairtrade-Pr\u00e4miengelder. Die Verwendung dieser Mittel ist sehr vielf\u00e4ltig; Mit einigen Projekten werden direkte Bed\u00fcrfnisse der Arbeiter angesprochen, w\u00e4hrend andere die lokale Gemeinschaft profitieren lassen. Hier sind nur einige Beispiele von vielen, wo \u201cFairtrade den Unterschied macht!\u201d<\/p>\n<p><span class=\"green_li_subtitle\">Flamingo Kinderkrippe<\/span><img decoding=\"async\" loading=\"lazy\" class=\"size-full wp-image-1433 alignright\" src=\"https:\/\/www.omniflora.de\/wp-content\/uploads\/2023\/03\/project_finlays_flower_creche.jpg\" alt=\"\" width=\"160\" height=\"132\" srcset=\"https:\/\/www.omniflora.de\/wp-content\/uploads\/2023\/03\/project_finlays_flower_creche.jpg 160w, https:\/\/www.omniflora.de\/wp-content\/uploads\/2023\/03\/project_finlays_flower_creche-15x12.jpg 15w\" sizes=\"(max-width: 160px) 100vw, 160px\" \/><br \/>\nDie Einrichtungen bieten Tagesbetreuung f\u00fcr Kinder von M\u00fcttern, die bei Flamingo arbeiten. Die Krippen sind von 06 bis 17 Uhr ge\u00f6ffnet und bieten Tagespflege f\u00fcr alle Kinder bis zum Alter von vier Jahren.\n\nDie Kinder werden von qualifizierten Lehrerinnen und Erzieherinnen betreut. DieEinrichtung bietet auch eine gute medizinische Versorgung f\u00fcr die Kinder und gesunde ausgewogen Mahlzeiten.<\/p>\n<p><span class=\"green_li_subtitle\">An\u00e4sthesie- Ger\u00e4te<\/span><br \/>\n<img decoding=\"async\" loading=\"lazy\" class=\"size-full wp-image-1432 alignright\" src=\"https:\/\/www.omniflora.de\/wp-content\/uploads\/2023\/03\/project_anaethesia_machine.jpg\" alt=\"\" width=\"160\" height=\"132\" srcset=\"https:\/\/www.omniflora.de\/wp-content\/uploads\/2023\/03\/project_anaethesia_machine.jpg 160w, https:\/\/www.omniflora.de\/wp-content\/uploads\/2023\/03\/project_anaethesia_machine-15x12.jpg 15w\" sizes=\"(max-width: 160px) 100vw, 160px\" \/>Central Hospital Homogonday versorgen Menschen aus drei Bezirken \u00e4rztlich und m\u00fcssen auch viele chirurgische Eingriffe durchf\u00fchren. In der Vergangenheit erlebten die Krankenh\u00e4user eine Reihe von Notsituationen w\u00e4hrend der Operationen aufgrund von Verz\u00f6gerungen bei der Umkehrung der Allgemeinnarkose. Diese Notf\u00e4lle wurden durch St\u00f6rungen und Ausf\u00e4lle der altenAn\u00e4sthesie-Gr\u00e4te verursacht . Viele dieser Ger\u00e4te waren veraltet und konnten nicht repariert werden. Dies veranlasste die beiden Krankenh\u00e4user ihre Bitte an Finmax zu richten f\u00fcr die Unterst\u00fctzung bei der Anschaffung neuer und effizienter Ger\u00e4te . Finmax billigte den Vorschlag und die 2 An\u00e4sthesie-Ger\u00e4te f\u00fcr beide Krankenh\u00e4user wurden angeschafft. Seither hat es keine weiteren Narkose-Notfall gegeben.<\/p>\n<p><span class=\"green_li_subtitle\">Panda Selbsthilfe Gruppe mit dem Impfproject<\/span><br \/>\n<img decoding=\"async\" loading=\"lazy\" class=\"size-full wp-image-1434 alignright\" src=\"https:\/\/www.omniflora.de\/wp-content\/uploads\/2023\/03\/project_panda_self_help_group.jpg\" alt=\"\" width=\"160\" height=\"132\" srcset=\"https:\/\/www.omniflora.de\/wp-content\/uploads\/2023\/03\/project_panda_self_help_group.jpg 160w, https:\/\/www.omniflora.de\/wp-content\/uploads\/2023\/03\/project_panda_self_help_group-15x12.jpg 15w\" sizes=\"(max-width: 160px) 100vw, 160px\" \/>Die Panda Self Help Group wurde im Januar 2003 als gemeinsame Einrichtung der Panda Blumenfarm in der N\u00e4he von Naivasha\/Kenia gegr\u00fcndet. Die Impfprojekt sah die Immunisierung aller Mitarbeiter gegen in dieser Region h\u00e4ufig aufttretende Erkrankungen vor. PSHG f\u00fchrte eine Impfprojektdurch, das gegen Typhus und Hepatitis B gerichtet war. Seit dem Start dieses Projektes ist das Auftreten von Typhus B auf fast Null Prozent gesunken.<\/p>\n<p><span class=\"green_li_subtitle\">Poshomill Bauvorhaben<\/span><br \/>\n<img decoding=\"async\" loading=\"lazy\" class=\"size-full wp-image-1435 alignright\" src=\"https:\/\/www.omniflora.de\/wp-content\/uploads\/2023\/03\/project_poshomill_building_project.jpg\" alt=\"\" width=\"160\" height=\"132\" srcset=\"https:\/\/www.omniflora.de\/wp-content\/uploads\/2023\/03\/project_poshomill_building_project.jpg 160w, https:\/\/www.omniflora.de\/wp-content\/uploads\/2023\/03\/project_poshomill_building_project-15x12.jpg 15w\" sizes=\"(max-width: 160px) 100vw, 160px\" \/>Dieses Projekt befindet sich innerhalb des Unternehmens auf einer ein Hektar gro\u00dfen Fl\u00e4che, die vom Unternehemen Panda Flowers Ltd.gespendet wurde. Vom Joint Body wurde darauf ein Multifunktionsgeb\u00e4ude errichtet. Hierin wurde das JB-B\u00fcro und das Maism\u00fchlen-Projektuntergebracht . Die Posho-M\u00fchle generiert ein zus\u00e4tzliches Einkommen f\u00fcr den Joint Body und stellt die preiswerte sicher Versorgung der Mitarbeiterfamilien und der gesamten n\u00e4heren Umgebung mit Maismehl sicher.\n\nMaismehl wird zur zubereitung von Ugali, dem Grundnahrungsmittel f\u00fcr die meisten Gemeinden in Kenia ben\u00f6tigt.. Das Geb\u00e4ude wurde weiter ausgebaut, um eine Schulungseinrichtung f\u00fcr die Erwachsenenbildung zu etablieren.<\/p>","protected":false},"excerpt":{"rendered":"<p>Standards Certifications We are committed to working with customers to ensure that we have, and maintain, the highest qualities and standards in our operations. Our producer sites are subject to a range of ethical and environmental audits such as Fairtrade Labelling Organisation-Cert (FLO-Cert), Kenya Flower Council (KFC) \u2013 Gold Standard and EurepGap, which develops standards [&hellip;]<\/p>","protected":false},"author":1,"featured_media":1430,"parent":1347,"menu_order":14,"comment_status":"closed","ping_status":"closed","template":"","meta":{"inline_featured_image":false},"_links":{"self":[{"href":"https:\/\/www.omniflora.de\/de\/wp-json\/wp\/v2\/pages\/1381"}],"collection":[{"href":"https:\/\/www.omniflora.de\/de\/wp-json\/wp\/v2\/pages"}],"about":[{"href":"https:\/\/www.omniflora.de\/de\/wp-json\/wp\/v2\/types\/page"}],"author":[{"embeddable":true,"href":"https:\/\/www.omniflora.de\/de\/wp-json\/wp\/v2\/users\/1"}],"replies":[{"embeddable":true,"href":"https:\/\/www.omniflora.de\/de\/wp-json\/wp\/v2\/comments?post=1381"}],"version-history":[{"count":16,"href":"https:\/\/www.omniflora.de\/de\/wp-json\/wp\/v2\/pages\/1381\/revisions"}],"predecessor-version":[{"id":1476,"href":"https:\/\/www.omniflora.de\/de\/wp-json\/wp\/v2\/pages\/1381\/revisions\/1476"}],"up":[{"embeddable":true,"href":"https:\/\/www.omniflora.de\/de\/wp-json\/wp\/v2\/pages\/1347"}],"wp:featuredmedia":[{"embeddable":true,"href":"https:\/\/www.omniflora.de\/de\/wp-json\/wp\/v2\/media\/1430"}],"wp:attachment":[{"href":"https:\/\/www.omniflora.de\/de\/wp-json\/wp\/v2\/media?parent=1381"}],"curies":[{"name":"wp","href":"https:\/\/api.w.org\/{rel}","templated":true}]}}