{"id":765,"date":"2022-06-22T11:23:24","date_gmt":"2022-06-22T10:23:24","guid":{"rendered":"https:\/\/charme.figarobrands.com\/?page_id=765"},"modified":"2023-03-11T11:08:38","modified_gmt":"2023-03-11T11:08:38","slug":"vegetables","status":"publish","type":"page","link":"https:\/\/www.omniflora.de\/de\/fresh-produce\/vegetables\/","title":{"rendered":"Gem\u00fcse"},"content":{"rendered":"<h2 class=\"og-lt-lilac\">Gem\u00fcse<\/h2>\n<div class=\"translation-block\">\n<p>Wir beliefern Kunden in ganz Deutschland mit frisch produziertem Gem\u00fcse, das direkt von unseren Flamingo-Farmen stammt. Unsere eigenen Produktionen erf\u00fcllen alle wichtigen europ\u00e4ischen Standards und die Transparenz und Nachverfolgbarkeit jeder Charge ist optimal organisiert und dokumentiert.<\/p>\n<p class=\"lilac_li_subtitle no_bot_margin\">Das Sortiment<\/p>\n<ul>\n<li>Stangenbohnen<\/li>\n<li>Feine Bohnen<\/li>\n<li>Fairtrade feinen Bohnen<\/li>\n<li>Zucker Erbsen<\/li>\n<li>Mange Tout<\/li>\n<li>BIMI (Tender Stem Brokkoli)<\/li>\n<li>Baby-Mais<\/li>\n<li>Chilischoten<\/li>\n<\/ul>\n<p class=\"lilac_li_subtitle no_bot_margin\">Vorbereitete Gem\u00fcse.<\/p>\n<ul>\n<li>Geschnittenen Stangenbohnen<\/li>\n<li>Hand gesch\u00e4lte Erbsen<\/li>\n<li>Bimi<\/li>\n<li>Wok-Gem\u00fcse und andere Mischungen nach Kundenwunsch<\/li>\n<\/ul>\n<\/div>","protected":false},"excerpt":{"rendered":"<p>Vegetables An extensive range is available to the most discerning of customers and with continuous development and improvement in production techniques, operating to all European standards, food safety and quality is assured. The latest traceability technology ensures that every bean, onion and carrot can be traced back to its farm and field. The diverse range [&hellip;]<\/p>","protected":false},"author":1,"featured_media":1413,"parent":1477,"menu_order":6,"comment_status":"closed","ping_status":"closed","template":"","meta":{"inline_featured_image":false},"_links":{"self":[{"href":"https:\/\/www.omniflora.de\/de\/wp-json\/wp\/v2\/pages\/765"}],"collection":[{"href":"https:\/\/www.omniflora.de\/de\/wp-json\/wp\/v2\/pages"}],"about":[{"href":"https:\/\/www.omniflora.de\/de\/wp-json\/wp\/v2\/types\/page"}],"author":[{"embeddable":true,"href":"https:\/\/www.omniflora.de\/de\/wp-json\/wp\/v2\/users\/1"}],"replies":[{"embeddable":true,"href":"https:\/\/www.omniflora.de\/de\/wp-json\/wp\/v2\/comments?post=765"}],"version-history":[{"count":16,"href":"https:\/\/www.omniflora.de\/de\/wp-json\/wp\/v2\/pages\/765\/revisions"}],"predecessor-version":[{"id":1467,"href":"https:\/\/www.omniflora.de\/de\/wp-json\/wp\/v2\/pages\/765\/revisions\/1467"}],"up":[{"embeddable":true,"href":"https:\/\/www.omniflora.de\/de\/wp-json\/wp\/v2\/pages\/1477"}],"wp:featuredmedia":[{"embeddable":true,"href":"https:\/\/www.omniflora.de\/de\/wp-json\/wp\/v2\/media\/1413"}],"wp:attachment":[{"href":"https:\/\/www.omniflora.de\/de\/wp-json\/wp\/v2\/media?parent=765"}],"curies":[{"name":"wp","href":"https:\/\/api.w.org\/{rel}","templated":true}]}}