{"id":769,"date":"2022-06-22T11:23:52","date_gmt":"2022-06-22T10:23:52","guid":{"rendered":"https:\/\/charme.figarobrands.com\/?page_id=769"},"modified":"2023-03-11T10:30:18","modified_gmt":"2023-03-11T10:30:18","slug":"about-omniflora","status":"publish","type":"page","link":"https:\/\/www.omniflora.de\/de\/about-omniflora\/","title":{"rendered":"\u00dcber Omniflora"},"content":{"rendered":"<h2 class=\"og-lt-green\">Frische Blumen, frische Ideen<\/h2>\n<div class=\"translation-block\">\n<p>Omniflora wurde im Jahr 1994 gegr\u00fcndet und ist in Neu-Isenburg, nahe Frankfurt am Main, ans\u00e4ssig. Das Unternehmen hat sich seit jeher verpflichtet, nur ethisch einwandfrei produzierte Blumen, die aus sozial und \u00f6kologisch verantwortungsbewussten Produktionen stammen, zu handeln. Deshalb handeln wir fast ausschlie\u00dflich Fairtrade-Blumen.<\/p>\n<p>Unser Kerngesch\u00e4ft sind Premium-Qualit\u00e4t-Fairtrade-Rosen. Wir f\u00fchren aber auch eine Vielzahl von anderen Schnittblumen von Fairtrade-Farmen, die in der Regel als F\u00fcller f\u00fcr Bouquets verwendet werden.<\/p>\n<p>Omniflora ist Mitglied im Kenia Flower Council (KFC) und zertifizierter Vertragspartner der Fairtrade Labeling Organisation.<\/p>\n<p>Wir sind der in Europa f\u00fchrende Spezialist f\u00fcr den Handel mit Fairtrade Schnittblumen f\u00fcr den Fachhandel und den Sortimentshandel. Wir haben die schnellste und direkteste Lieferketten, eine einzigartige integrierte Art der Zusammenarbeit mit Welt-Klasse-Partnern in Produktion, Abwicklung und Logistik.<\/p>\n<p>Unsere direkte Einflussnahme auf jeden Schritt der Lieferkette bietet uns das bestm\u00f6gliche Gleichgewicht zwischen Kontrolle und Flexibilit\u00e4t, um die W\u00fcnsche unserer Kunden zu erf\u00fcllen.<\/p>\n<\/div>","protected":false},"excerpt":{"rendered":"<p>Fresh flowers, fresh ideas Omniflora was formed in 1994 and is based in Neu-Isenburg, near Frankfurt. The company has always been committed to supplying ethical flowers, sourced from socially and environmentally responsible growers; we trade almost exclusively in Fairtrade accredited roses.Our core business is premium quality Fairtrade roses. We also carry a wide range of [&hellip;]<\/p>","protected":false},"author":1,"featured_media":1419,"parent":0,"menu_order":9,"comment_status":"closed","ping_status":"closed","template":"","meta":{"inline_featured_image":false},"_links":{"self":[{"href":"https:\/\/www.omniflora.de\/de\/wp-json\/wp\/v2\/pages\/769"}],"collection":[{"href":"https:\/\/www.omniflora.de\/de\/wp-json\/wp\/v2\/pages"}],"about":[{"href":"https:\/\/www.omniflora.de\/de\/wp-json\/wp\/v2\/types\/page"}],"author":[{"embeddable":true,"href":"https:\/\/www.omniflora.de\/de\/wp-json\/wp\/v2\/users\/1"}],"replies":[{"embeddable":true,"href":"https:\/\/www.omniflora.de\/de\/wp-json\/wp\/v2\/comments?post=769"}],"version-history":[{"count":24,"href":"https:\/\/www.omniflora.de\/de\/wp-json\/wp\/v2\/pages\/769\/revisions"}],"predecessor-version":[{"id":1461,"href":"https:\/\/www.omniflora.de\/de\/wp-json\/wp\/v2\/pages\/769\/revisions\/1461"}],"wp:featuredmedia":[{"embeddable":true,"href":"https:\/\/www.omniflora.de\/de\/wp-json\/wp\/v2\/media\/1419"}],"wp:attachment":[{"href":"https:\/\/www.omniflora.de\/de\/wp-json\/wp\/v2\/media?parent=769"}],"curies":[{"name":"wp","href":"https:\/\/api.w.org\/{rel}","templated":true}]}}